{"id":6950,"date":"2021-05-19T00:34:02","date_gmt":"2021-05-18T22:34:02","guid":{"rendered":"https:\/\/gardasurf.com\/agb\/"},"modified":"2021-07-30T10:48:42","modified_gmt":"2021-07-30T08:48:42","slug":"termini-e-condizioni-generali","status":"publish","type":"page","link":"https:\/\/gardasurf.com\/it\/termini-e-condizioni-generali\/","title":{"rendered":"Termini e condizioni generali"},"content":{"rendered":"<p>[et_pb_section fb_built=&#8221;1&#8243; fullwidth=&#8221;on&#8221; admin_label=&#8221;Sektion&#8221; module_class=&#8221;bg-change bg-change_segeln&#8221; _builder_version=&#8221;4.9.4&#8243; _module_preset=&#8221;default&#8221; background_enable_image=&#8221;off&#8221; background_position=&#8221;bottom_center&#8221; background_repeat=&#8221;repeat&#8221; background_blend=&#8221;difference&#8221; background_enable_video_mp4=&#8221;off&#8221; background_video_width=&#8221;100%&#8221; background_video_height=&#8221;100%&#8221; min_height_phone=&#8221;70vh&#8221; min_height_last_edited=&#8221;off|desktop&#8221; custom_margin=&#8221;0px||0px||false|false&#8221; custom_padding=&#8221;0px||0px||false|false&#8221; bottom_divider_color=&#8221;#FFFFFF&#8221; da_disable_devices=&#8221;off|off|off&#8221; da_is_popup=&#8221;off&#8221; da_exit_intent=&#8221;off&#8221; da_has_close=&#8221;on&#8221; da_alt_close=&#8221;off&#8221; da_dark_close=&#8221;off&#8221; da_not_modal=&#8221;on&#8221; da_is_singular=&#8221;off&#8221; da_with_loader=&#8221;off&#8221; da_has_shadow=&#8221;on&#8221;][et_pb_fullwidth_header title=&#8221;Termini e condizioni generali &#8221; _builder_version=&#8221;4.9.7&#8243; _module_preset=&#8221;default&#8221; background_color=&#8221;#000B77&#8243; width=&#8221;100%&#8221; module_alignment=&#8221;left&#8221; custom_padding=&#8221;3vh|0px|1vh|0px|false|false&#8221; hover_enabled=&#8221;0&#8243; title_font_size_tablet=&#8221;&#8221; title_font_size_phone=&#8221;25px&#8221; title_font_size_last_edited=&#8221;on|phone&#8221; sticky_enabled=&#8221;0&#8243;][\/et_pb_fullwidth_header][\/et_pb_section][et_pb_section fb_built=&#8221;1&#8243; admin_label=&#8221;Kurse Zeile 1&#8243; _builder_version=&#8221;4.9.4&#8243; _module_preset=&#8221;default&#8221; background_color=&#8221;#f9ffe5&#8243; background_color_gradient_direction=&#8221;90deg&#8221; background_image=&#8221;https:\/\/gardasurf.com\/wp-content\/uploads\/\/2021\/05\/special.svg&#8221; parallax=&#8221;on&#8221; parallax_method=&#8221;off&#8221; background_enable_video_mp4=&#8221;off&#8221; custom_margin=&#8221;||0px||false|false&#8221; custom_padding=&#8221;10vh||10vh||false|false&#8221; top_divider_color=&#8221;RGBA(0,0,0,0)&#8221; bottom_divider_color=&#8221;#000B77&#8243; bottom_divider_height=&#8221;120px&#8221; hover_transition_delay=&#8221;250ms&#8221; hover_transition_speed_curve=&#8221;ease-in-out&#8221; scroll_vertical_motion=&#8221;0|73|73|100|4|0|-4&#8243; motion_trigger_start=&#8221;top&#8221; custom_css_main_element=&#8221;background-size:80% 80%;&#8221; da_popup_slug=&#8221;dynamic&#8221; da_disable_devices=&#8221;off|off|off&#8221; da_is_popup=&#8221;off&#8221; da_exit_intent=&#8221;off&#8221; da_has_close=&#8221;on&#8221; da_alt_close=&#8221;off&#8221; da_dark_close=&#8221;off&#8221; da_not_modal=&#8221;on&#8221; da_is_singular=&#8221;off&#8221; da_with_loader=&#8221;off&#8221; da_has_shadow=&#8221;on&#8221;][et_pb_row use_custom_gutter=&#8221;on&#8221; gutter_width=&#8221;2&#8243; make_equal=&#8221;on&#8221; admin_label=&#8221;Headline&#8221; _builder_version=&#8221;4.9.4&#8243; _module_preset=&#8221;default&#8221;][et_pb_column type=&#8221;4_4&#8243; _builder_version=&#8221;4.9.4&#8243; _module_preset=&#8221;default&#8221; background_enable_video_mp4=&#8221;off&#8221;][et_pb_text ul_type=&#8221;square&#8221; ul_item_indent=&#8221;30px&#8221; ol_type=&#8221;upper-alpha&#8221; ol_position=&#8221;outside&#8221; ol_item_indent=&#8221;30px&#8221; module_class=&#8221;block&#8221; _builder_version=&#8221;4.9.7&#8243; _module_preset=&#8221;default&#8221; text_text_color=&#8221;#000B77&#8243; text_font_size=&#8221;16px&#8221; text_letter_spacing=&#8221;2px&#8221; text_line_height=&#8221;2em&#8221; ul_font_size=&#8221;16px&#8221; ul_line_height=&#8221;1.9em&#8221; ol_font_size=&#8221;16px&#8221; ol_line_height=&#8221;1.8em&#8221; header_text_color=&#8221;#000B77&#8243; header_2_font=&#8221;|600||on|||||&#8221; header_2_font_size=&#8221;22px&#8221; header_2_letter_spacing=&#8221;4px&#8221; header_2_line_height=&#8221;1.5em&#8221; header_3_font=&#8221;|600||on|||||&#8221; header_3_font_size=&#8221;20px&#8221; header_3_line_height=&#8221;1.2em&#8221; header_4_font=&#8221;|600||on|||||&#8221; header_4_font_size=&#8221;16px&#8221; header_4_line_height=&#8221;1.4em&#8221; hover_enabled=&#8221;0&#8243; text_font_size_tablet=&#8221;&#8221; text_font_size_phone=&#8221;&#8221; text_font_size_last_edited=&#8221;on|phone&#8221; text_letter_spacing_tablet=&#8221;&#8221; text_letter_spacing_phone=&#8221;1px&#8221; text_letter_spacing_last_edited=&#8221;on|phone&#8221; text_line_height_tablet=&#8221;&#8221; text_line_height_phone=&#8221;1.7em&#8221; text_line_height_last_edited=&#8221;on|tablet&#8221; header_2_font_size_tablet=&#8221;&#8221; header_2_font_size_phone=&#8221;20px&#8221; header_2_font_size_last_edited=&#8221;on|phone&#8221; header_3_font_size_tablet=&#8221;&#8221; header_3_font_size_phone=&#8221;16px&#8221; header_3_font_size_last_edited=&#8221;on|desktop&#8221; sticky_enabled=&#8221;0&#8243;]<\/p>\n<p style=\"text-align: left;\">Base per il contratto dell&#8217;evento:<\/p>\n<h2>1. preambolo<\/h2>\n<p>Il Watersportcenter Garda- Surf&#038;Sail e Kite-Guru si impegna all&#8217;attenta esecuzione delle prestazioni e alla fornitura dei servizi descritti nella brochure e nella homepage, mentre il partecipante al corso si impegna al pagamento del corso. Con la sottoscrizione del contratto, il partecipante accetta i seguenti termini e le seguenti condizioni, che costituiscono parte integrante del contratto.<\/p>\n<h2>2. condizioni di partecipazione<\/h2>\n<p>Il partecipante deve essere di sana e robusta costituzione ed essere assicurato per la responsabilit\u00e0 civile in caso di danni occorsi durante la pratica sportiva. Inoltre, il partecipante di un corso di kite surf deve saper nuotare bene.<\/p>\n<h2>3. servizi di KITE-GURU<\/h2>\n<p>Il contenuto dei servizi offerti da KITE-GURU pu\u00f2 essere trovato nelle relative descrizioni presenti nella brochure e sulla homepage. Trattandosi di uno sport all&#8217;aria aperta, soggetto alle condizioni meteorologiche, il responsabile del servizio si riserva il diritto di modificare il programma a causa delle condizioni meteorologiche o in caso di circostanze imprevedibili. Nel caso in cui il corso non possa avere luogo o non possa avere luogo negli orari concordati a causa delle condizioni meteorologiche, KITE-GURU si riserva il diritto di realizzare programmi alternativi. Questo non d\u00e0 diritto al rimborso delle spese. Ogni partecipante prende parte al corso sotto la propria responsabilit\u00e0. Le istruzioni dell&#8217;istruttore devono essere seguite.<\/p>\n<h2>4. norme di responsabilit\u00e0<\/h2>\n<p>Ogni partecipante al corso dichiara di essere consapevole del rischio di un corso di kite;<br \/>\nKITE-GURU non sar\u00e0 ritenuto responsabile di eventuali danni che possono verificarsi in relazione al corso. La responsabilit\u00e0 di KITE-GURU per danni causati da forza maggiore \u00e8 completamente esclusa. Nel caso in cui KITE-GURU sia impossibilitato a fornire il servizio per cause di forza maggiore o condizioni meteorologiche, il partecipante al corso non ha diritto al rimborso dei costi. In caso di danneggiamento volontario o intenzionale del materiale didattico, il partecipante \u00e8 responsabile del danno.<\/p>\n<h2>5. prezzi<\/h2>\n<p>Con la conferma scritta dell&#8217;iscrizione da parte del partecipante al corso, la prenotazione \u00e8 vincolante per il partecipante al corso. I prezzi sono in Euro.<\/p>\n<h2>6. cancellazione<\/h2>\n<p>Saranno accettate solo le cancellazioni pervenute per iscritto con l&#8217;indicazione del motivo. Le cancellazioni si considerano effettuate il giorno in cui l\u2019organizzatore riceve la notifica della cancellazione stessa. In questo caso, una tassa di gestione del 30% del costo del corso sar\u00e0 addebitata alla parte che annulla. In caso di cancellazione pervenuta a meno di 7 giorni dall\u2019inizio del corso, il 50% dell\u2019acconto gi\u00e0 versato sar\u00e0 trattenuto. \u00c8 possibile ricevere una nota di credito e riprogrammare il corso ad un\u2019altra data solo se lo stesso sia stato pagato per intero. In caso di mancata presentazione senza cancellazione, verr\u00e0 addebitato il 100% del costo del corso.<\/p>\n<h2>7. buoni<\/h2>\n<p>I buoni possono essere emessi e venduti per un bene o un servizio. Il buono \u00e8 generalmente valido per 3 anni e mantiene il suo valore secondo le direttive legali. Il contratto avente ad oggetto un buono si intende concluso quando il prezzo \u00e8 stato pagato e il buono \u00e8 stato consegnato al titolare. Un buono non pu\u00f2 essere annullato. \u00c8 possibile chiedere un rimorso solo per merci che non siano disponibili. Il titolare del voucher non ha diritto al rimborso in denaro del valore del servizio acquistato, come un corso di kite. \u00c8 possibile utilizzare il voucher e usufruire del servizio in un altro momento entro il periodo di validit\u00e0 del buono se \u00e8 gi\u00e0 stata effettuata una prenotazione. La scadenza del voucher pu\u00f2 essere prolungata dall&#8217;organizzatore dietro un accordo scritto. I buoni di partner esterni sono soggetti ai loro propri termini e condizioni. I buoni dei partner voucher sono considerati come riscossi quando \u00e8 stato effettuato un pagamento tra l&#8217;organizzatore e il venditore di buoni. <\/p>\n<h2>8. cancellazione del contratto da parte di KITE-GURU<\/h2>\n<ol>\n<li>a) Tutti gli eventi pubblicizzati possono essere realizzati solo se si raggiunge il numero minimo di partecipanti di 4 persone. Se il numero minimo di partecipanti non viene raggiunto, l&#8217;organizzatore ha il diritto di recedere dal contratto fino a 3 giorni prima dell&#8217;inizio del corso. I pagamenti effettuati saranno completamente rimborsati ai partecipanti al corso.<\/li>\n<li>b) Se il corso diventa impossibile per cause di forza maggiore, in particolare catastrofi naturali, atti di guerra, disordini politici, scioperi, epidemie, ordini ufficiali, ecc, l&#8217;organizzatore ha il diritto di annullare unilateralmente il contratto se non \u00e8 possibile realizzare il corso. I pagamenti effettuati saranno rimborsati senza restrizioni. I buoni con periodi di validit\u00e0 fino a 5 anni sono esclusi in questo caso e rimangono validi fino alla fine del periodo e possono essere utilizzati successivamente. Le richieste di risarcimento danni da parte del partecipante al corso sono respinte.<\/li>\n<\/ol>\n<h2>9. assicurazioni<\/h2>\n<p>Condizione imprescindibile di partecipazione \u00e8 il possesso di una valida assicurazione del partecipante per la responsabilit\u00e0 civile per danni a terzi. Ogni partecipante risponde personalmente per eventuali danni a cose e\/o persone. Si consiglia di controllare la validit\u00e0 delle assicurazioni esistenti.<\/p>\n<h2>10. luogo di giurisdizione<\/h2>\n<p>Per tutte le controversie derivanti da questo contratto con l&#8217;organizzatore del corso, \u00e8 competente il Tribunale di Verona, Italia. Si applica esclusivamente la legge italiana. Aggiunte, cambiamenti e supplementi a questo contratto devono essere fatti per iscritto, per la rinuncia al requisito della forma scritta deve essere anche essa fatta per iscritto.<\/p>\n<p>&nbsp;<\/p>\n<p>&nbsp;<\/p>\n<p>[\/et_pb_text][\/et_pb_column][\/et_pb_row][\/et_pb_section][et_pb_section fb_built=&#8221;1&#8243; admin_label=&#8221;Fussleisten Animation&#8221; _builder_version=&#8221;4.9.4&#8243; _module_preset=&#8221;default&#8221; background_color=&#8221;#f9ffe5&#8243; background_color_gradient_direction=&#8221;80deg&#8221; custom_margin=&#8221;0px||0px||false|false&#8221; custom_padding=&#8221;0px||0px||false|false&#8221; da_disable_devices=&#8221;off|off|off&#8221; locked=&#8221;off&#8221; collapsed=&#8221;off&#8221; da_is_popup=&#8221;off&#8221; da_exit_intent=&#8221;off&#8221; da_has_close=&#8221;on&#8221; da_alt_close=&#8221;off&#8221; da_dark_close=&#8221;off&#8221; da_not_modal=&#8221;on&#8221; da_is_singular=&#8221;off&#8221; da_with_loader=&#8221;off&#8221; da_has_shadow=&#8221;on&#8221;][et_pb_row use_custom_gutter=&#8221;on&#8221; gutter_width=&#8221;1&#8243; _builder_version=&#8221;4.9.4&#8243; _module_preset=&#8221;default&#8221; width=&#8221;100%&#8221; max_width=&#8221;100%&#8221; custom_padding=&#8221;0px||0px||false|false&#8221;][et_pb_column type=&#8221;4_4&#8243; _builder_version=&#8221;4.9.4&#8243; _module_preset=&#8221;default&#8221;][et_pb_code _builder_version=&#8221;4.9.4&#8243; _module_preset=&#8221;default&#8221;]<svg class=\"editorial\"<!-- [et_pb_line_break_holder] -->     xmlns=&#8221;http:\/\/www.w3.org\/2000\/svg&#8221;<!-- [et_pb_line_break_holder] -->     xmlns:xlink=&#8221;http:\/\/www.w3.org\/1999\/xlink&#8221;<!-- [et_pb_line_break_holder] -->     viewBox=&#8221;0 24 150 28 &#8220;<!-- [et_pb_line_break_holder] -->     preserveAspectRatio=&#8221;none&#8221;><!-- [et_pb_line_break_holder] --> <defs><!-- [et_pb_line_break_holder] --> <path id=\"gentle-wave\"<!-- [et_pb_line_break_holder] --> d=&#8221;M-160 44c30 0 <!-- [et_pb_line_break_holder] -->    58-18 88-18s<!-- [et_pb_line_break_holder] -->    58 18 88 18 <!-- [et_pb_line_break_holder] -->    58-18 88-18 <!-- [et_pb_line_break_holder] -->    58 18 88 18<!-- [et_pb_line_break_holder] -->    v44h-352z&#8221; \/><!-- [et_pb_line_break_holder] -->  <\/defs><!-- [et_pb_line_break_holder] -->  <g class=\"parallax1\"><!-- [et_pb_line_break_holder] -->   <use xlink:href=\"#gentle-wave\" x=\"50\" y=\"3\" fill=\"#344ca1\"\/><!-- [et_pb_line_break_holder] -->  <\/g><!-- [et_pb_line_break_holder] -->    <g class=\"parallax2\"><!-- [et_pb_line_break_holder] -->   <use xlink:href=\"#gentle-wave\" x=\"50\" y=\"0\" fill=\"#30a2b3\"\/><!-- [et_pb_line_break_holder] -->    <\/g><!-- [et_pb_line_break_holder] -->      <g class=\"parallax3\"><!-- [et_pb_line_break_holder] -->   <use xlink:href=\"#gentle-wave\" x=\"50\" y=\"9\" fill=\"#184ec5\"\/><!-- [et_pb_line_break_holder] -->   <\/g><!-- [et_pb_line_break_holder] -->    <g class=\"parallax4\"><!-- [et_pb_line_break_holder] -->   <use xlink:href=\"#gentle-wave\" x=\"50\" y=\"6\" fill=\"#000b77\"\/>  <!-- [et_pb_line_break_holder] -->  <\/g><!-- [et_pb_line_break_holder] --><\/svg><!-- [et_pb_line_break_holder] --><!-- [et_pb_line_break_holder] -->[\/et_pb_code][\/et_pb_column][\/et_pb_row][\/et_pb_section]<\/p>\n","protected":false},"excerpt":{"rendered":"<p>Base per il contratto dell&#8217;evento: 1. preambolo Il Watersportcenter Garda- Surf&#038;Sail e Kite-Guru si impegna all&#8217;attenta esecuzione delle prestazioni e alla fornitura dei servizi descritti nella brochure e nella homepage, mentre il partecipante al corso si impegna al pagamento del corso. Con la sottoscrizione del contratto, il partecipante accetta i seguenti termini e le seguenti [&hellip;]<\/p>\n","protected":false},"author":3,"featured_media":0,"parent":0,"menu_order":0,"comment_status":"closed","ping_status":"closed","template":"","meta":{"_et_pb_use_builder":"on","_et_pb_old_content":"<!-- wp:heading -->\r\n<h2>Wer wir sind<\/h2>\r\n<!-- \/wp:heading --><!-- wp:paragraph -->\r\n<p><strong class=\"privacy-policy-tutorial\">Textvorschlag: <\/strong>Die Adresse unserer Website ist: https:\/\/gardasurf.com.<\/p>\r\n<!-- \/wp:paragraph --><!-- wp:heading -->\r\n<h2>Kommentare<\/h2>\r\n<!-- \/wp:heading --><!-- wp:paragraph -->\r\n<p><strong class=\"privacy-policy-tutorial\">Textvorschlag: <\/strong>Wenn Besucher Kommentare auf der Website schreiben, sammeln wir die Daten, die im Kommentar-Formular angezeigt werden, au\u00dferdem die IP-Adresse des Besuchers und den User-Agent-String (damit wird der Browser identifiziert), um die Erkennung von Spam zu unterst\u00fctzen.<\/p>\r\n<!-- \/wp:paragraph --><!-- wp:paragraph -->\r\n<p>Aus deiner E-Mail-Adresse kann eine anonymisierte Zeichenfolge erstellt (auch Hash genannt) und dem Gravatar-Dienst \u00fcbergeben werden, um zu pr\u00fcfen, ob du diesen benutzt. Die Datenschutzerkl\u00e4rung des Gravatar-Dienstes findest du hier: https:\/\/automattic.com\/privacy\/. Nachdem dein Kommentar freigegeben wurde, ist dein Profilbild \u00f6ffentlich im Kontext deines Kommentars sichtbar.<\/p>\r\n<!-- \/wp:paragraph --><!-- wp:heading -->\r\n<h2>Medien<\/h2>\r\n<!-- \/wp:heading --><!-- wp:paragraph -->\r\n<p><strong class=\"privacy-policy-tutorial\">Textvorschlag: <\/strong>Wenn du ein registrierter Benutzer bist und Fotos auf diese Website l\u00e4dst, solltest du vermeiden, Fotos mit einem EXIF-GPS-Standort hochzuladen. Besucher dieser Website k\u00f6nnten Fotos, die auf dieser Website gespeichert sind, herunterladen und deren Standort-Informationen extrahieren.<\/p>\r\n<!-- \/wp:paragraph --><!-- wp:heading -->\r\n<h2>Cookies<\/h2>\r\n<!-- \/wp:heading --><!-- wp:paragraph -->\r\n<p><strong class=\"privacy-policy-tutorial\">Textvorschlag: <\/strong>Wenn du einen Kommentar auf unserer Website schreibst, kann das eine Einwilligung sein, deinen Namen, E-Mail-Adresse und Website in Cookies zu speichern. Dies ist eine Komfortfunktion, damit du nicht, wenn du einen weiteren Kommentar schreibst, all diese Daten erneut eingeben musst. Diese Cookies werden ein Jahr lang gespeichert.<\/p>\r\n<!-- \/wp:paragraph --><!-- wp:paragraph -->\r\n<p>Falls du ein Konto hast und dich auf dieser Website anmeldest, werden wir ein tempor\u00e4res Cookie setzen, um festzustellen, ob dein Browser Cookies akzeptiert. Dieses Cookie enth\u00e4lt keine personenbezogenen Daten und wird verworfen, wenn du deinen Browser schlie\u00dft.<\/p>\r\n<!-- \/wp:paragraph --><!-- wp:paragraph -->\r\n<p>Wenn du dich anmeldest, werden wir einige Cookies einrichten, um deine Anmeldeinformationen und Anzeigeoptionen zu speichern. Anmelde-Cookies verfallen nach zwei Tagen und Cookies f\u00fcr die Anzeigeoptionen nach einem Jahr. Falls du bei der Anmeldung \u201eAngemeldet bleiben\u201c ausw\u00e4hlst, wird deine Anmeldung zwei Wochen lang aufrechterhalten. Mit der Abmeldung aus deinem Konto werden die Anmelde-Cookies gel\u00f6scht.<\/p>\r\n<!-- \/wp:paragraph --><!-- wp:paragraph -->\r\n<p>Wenn du einen Artikel bearbeitest oder ver\u00f6ffentlichst, wird ein zus\u00e4tzlicher Cookie in deinem Browser gespeichert. Dieser Cookie enth\u00e4lt keine personenbezogenen Daten und verweist nur auf die Beitrags-ID des Artikels, den du gerade bearbeitet hast. Der Cookie verf\u00e4llt nach einem Tag.<\/p>\r\n<!-- \/wp:paragraph --><!-- wp:heading -->\r\n<h2>Eingebettete Inhalte von anderen Websites<\/h2>\r\n<!-- \/wp:heading --><!-- wp:paragraph -->\r\n<p><strong class=\"privacy-policy-tutorial\">Textvorschlag: <\/strong>Beitr\u00e4ge auf dieser Website k\u00f6nnen eingebettete Inhalte beinhalten (z.\u00a0B. Videos, Bilder, Beitr\u00e4ge etc.). Eingebettete Inhalte von anderen Websites verhalten sich exakt so, als ob der Besucher die andere Website besucht h\u00e4tte.<\/p>\r\n<!-- \/wp:paragraph --><!-- wp:paragraph -->\r\n<p>Diese Websites k\u00f6nnen Daten \u00fcber dich sammeln, Cookies benutzen, zus\u00e4tzliche Tracking-Dienste von Dritten einbetten und deine Interaktion mit diesem eingebetteten Inhalt aufzeichnen, inklusive deiner Interaktion mit dem eingebetteten Inhalt, falls du ein Konto hast und auf dieser Website angemeldet bist.<\/p>\r\n<!-- \/wp:paragraph --><!-- wp:heading -->\r\n<h2>Mit wem wir deine Daten teilen<\/h2>\r\n<!-- \/wp:heading --><!-- wp:paragraph -->\r\n<p><strong class=\"privacy-policy-tutorial\">Textvorschlag: <\/strong>Wenn du eine Zur\u00fccksetzung des Passworts beantragst, wird deine IP-Adresse in der E-Mail zur Zur\u00fccksetzung enthalten sein.<\/p>\r\n<!-- \/wp:paragraph --><!-- wp:heading -->\r\n<h2>Wie lange wir deine Daten speichern<\/h2>\r\n<!-- \/wp:heading --><!-- wp:paragraph -->\r\n<p><strong class=\"privacy-policy-tutorial\">Textvorschlag: <\/strong>Wenn du einen Kommentar schreibst, wird dieser inklusive Metadaten zeitlich unbegrenzt gespeichert. Auf diese Art k\u00f6nnen wir Folgekommentare automatisch erkennen und freigeben, anstatt sie in einer Moderations-Warteschlange festzuhalten.<\/p>\r\n<!-- \/wp:paragraph --><!-- wp:paragraph -->\r\n<p>F\u00fcr Benutzer, die sich auf unserer Website registrieren, speichern wir zus\u00e4tzlich die pers\u00f6nlichen Informationen, die sie in ihren Benutzerprofilen angeben. Alle Benutzer k\u00f6nnen jederzeit ihre pers\u00f6nlichen Informationen einsehen, ver\u00e4ndern oder l\u00f6schen (der Benutzername kann nicht ver\u00e4ndert werden). Administratoren der Website k\u00f6nnen diese Informationen ebenfalls einsehen und ver\u00e4ndern.<\/p>\r\n<!-- \/wp:paragraph --><!-- wp:heading -->\r\n<h2>Welche Rechte du an deinen Daten hast<\/h2>\r\n<!-- \/wp:heading --><!-- wp:paragraph -->\r\n<p><strong class=\"privacy-policy-tutorial\">Textvorschlag: <\/strong>Wenn du ein Konto auf dieser Website besitzt oder Kommentare geschrieben hast, kannst du einen Export deiner personenbezogenen Daten bei uns anfordern, inklusive aller Daten, die du uns mitgeteilt hast. Dar\u00fcber hinaus kannst du die L\u00f6schung aller personenbezogenen Daten, die wir von dir gespeichert haben, anfordern. Dies umfasst nicht die Daten, die wir aufgrund administrativer, rechtlicher oder sicherheitsrelevanter Notwendigkeiten aufbewahren m\u00fcssen.<\/p>\r\n<!-- \/wp:paragraph --><!-- wp:heading -->\r\n<h2>Wohin wir deine Daten senden<\/h2>\r\n<!-- \/wp:heading --><!-- wp:paragraph -->\r\n<p><strong class=\"privacy-policy-tutorial\">Textvorschlag: <\/strong>Besucher-Kommentare k\u00f6nnten von einem automatisierten Dienst zur Spam-Erkennung untersucht werden.<\/p>\r\n<!-- \/wp:paragraph -->","_et_gb_content_width":"","footnotes":""},"dipi_cpt_category":[],"class_list":["post-6950","page","type-page","status-publish","hentry"],"_links":{"self":[{"href":"https:\/\/gardasurf.com\/it\/wp-json\/wp\/v2\/pages\/6950","targetHints":{"allow":["GET"]}}],"collection":[{"href":"https:\/\/gardasurf.com\/it\/wp-json\/wp\/v2\/pages"}],"about":[{"href":"https:\/\/gardasurf.com\/it\/wp-json\/wp\/v2\/types\/page"}],"author":[{"embeddable":true,"href":"https:\/\/gardasurf.com\/it\/wp-json\/wp\/v2\/users\/3"}],"replies":[{"embeddable":true,"href":"https:\/\/gardasurf.com\/it\/wp-json\/wp\/v2\/comments?post=6950"}],"version-history":[{"count":0,"href":"https:\/\/gardasurf.com\/it\/wp-json\/wp\/v2\/pages\/6950\/revisions"}],"wp:attachment":[{"href":"https:\/\/gardasurf.com\/it\/wp-json\/wp\/v2\/media?parent=6950"}],"wp:term":[{"taxonomy":"dipi_cpt_category","embeddable":true,"href":"https:\/\/gardasurf.com\/it\/wp-json\/wp\/v2\/dipi_cpt_category?post=6950"}],"curies":[{"name":"wp","href":"https:\/\/api.w.org\/{rel}","templated":true}]}}