{"id":6875,"date":"2021-05-13T22:17:58","date_gmt":"2021-05-13T20:17:58","guid":{"rendered":"https:\/\/gardasurf.com\/gardasee\/"},"modified":"2022-05-14T22:44:46","modified_gmt":"2022-05-14T20:44:46","slug":"lago-di-garda","status":"publish","type":"page","link":"https:\/\/gardasurf.com\/it\/lago-di-garda\/","title":{"rendered":"Lago di Garda"},"content":{"rendered":"<p>[et_pb_section fb_built=&#8221;1&#8243; fullwidth=&#8221;on&#8221; admin_label=&#8221;Sektion&#8221; module_class=&#8221;bg-change bg-change_segeln&#8221; _builder_version=&#8221;4.9.4&#8243; _module_preset=&#8221;default&#8221; use_background_color_gradient=&#8221;on&#8221; background_color_gradient_start=&#8221;rgba(0,0,0,0)&#8221; background_color_gradient_end=&#8221;rgba(0,11,119,0.54)&#8221; background_image=&#8221;https:\/\/gardasurf.com\/wp-content\/uploads\/2022\/05\/Brenzone-sul-Garda.jpg&#8221; background_position=&#8221;bottom_center&#8221; background_repeat=&#8221;repeat&#8221; background_blend=&#8221;difference&#8221; background_enable_video_mp4=&#8221;off&#8221; background_video_width=&#8221;100%&#8221; background_video_height=&#8221;100%&#8221; min_height=&#8221;100vh&#8221; min_height_tablet=&#8221;&#8221; min_height_phone=&#8221;70vh&#8221; min_height_last_edited=&#8221;on|phone&#8221; custom_margin=&#8221;0px||0px||false|false&#8221; custom_padding=&#8221;0px||0px||false|false&#8221; bottom_divider_color=&#8221;#FFFFFF&#8221; da_disable_devices=&#8221;off|off|off&#8221; da_is_popup=&#8221;off&#8221; da_exit_intent=&#8221;off&#8221; da_has_close=&#8221;on&#8221; da_alt_close=&#8221;off&#8221; da_dark_close=&#8221;off&#8221; da_not_modal=&#8221;on&#8221; da_is_singular=&#8221;off&#8221; da_with_loader=&#8221;off&#8221; da_has_shadow=&#8221;on&#8221;][et_pb_fullwidth_header title=&#8221;Lago di Garda Regione Vacanze&#8221; header_scroll_down=&#8221;on&#8221; scroll_down_icon=&#8221;%%2%%&#8221; scroll_down_icon_color=&#8221;#FFFFFF&#8221; admin_label=&#8221;Vollbreite Kopfzeile&#8221; _builder_version=&#8221;4.9.7&#8243; _module_preset=&#8221;default&#8221; title_font=&#8221;|700||on|||||&#8221; title_font_size=&#8221;80px&#8221; title_letter_spacing=&#8221;10px&#8221; content_font=&#8221;|700|||||||&#8221; content_font_size=&#8221;30px&#8221; content_letter_spacing=&#8221;4px&#8221; content_line_height=&#8221;1.4em&#8221; background_enable_color=&#8221;off&#8221; background_enable_image=&#8221;off&#8221; background_size=&#8221;initial&#8221; background_repeat=&#8221;repeat&#8221; custom_margin=&#8221;0px||0px||false|false&#8221; custom_padding=&#8221;20vh||26vh||false|false&#8221; custom_padding_tablet=&#8221;&#8221; custom_padding_phone=&#8221;20vh||25vh||false|false&#8221; custom_padding_last_edited=&#8221;on|desktop&#8221; title_font_size_tablet=&#8221;80px&#8221; title_font_size_phone=&#8221;30px&#8221; title_font_size_last_edited=&#8221;on|phone&#8221; title_letter_spacing_tablet=&#8221;&#8221; title_letter_spacing_phone=&#8221;5px&#8221; title_letter_spacing_last_edited=&#8221;on|phone&#8221; content_font_size_tablet=&#8221;30px&#8221; content_font_size_phone=&#8221;16px&#8221; content_font_size_last_edited=&#8221;on|phone&#8221; content_letter_spacing_tablet=&#8221;&#8221; content_letter_spacing_phone=&#8221;2px&#8221; content_letter_spacing_last_edited=&#8221;on|phone&#8221; content_line_height_tablet=&#8221;&#8221; content_line_height_phone=&#8221;1.2em&#8221; content_line_height_last_edited=&#8221;on|phone&#8221; custom_css_scroll_button=&#8221;position:absolute;||bottom:15vh;&#8221; title_text_shadow_style=&#8221;preset5&#8243; title_text_shadow_horizontal_length=&#8221;0.04em&#8221; title_text_shadow_vertical_length=&#8221;0.04em&#8221; content_text_shadow_style=&#8221;preset5&#8243;]Il godimento dell&#8217;arte, della cultura e del cibo sono speciali a loro modo in tutte le stagioni. [\/et_pb_fullwidth_header][\/et_pb_section][et_pb_section fb_built=&#8221;1&#8243; admin_label=&#8221;Wind am Gardasee&#8221; _builder_version=&#8221;4.9.4&#8243; _module_preset=&#8221;default&#8221; use_background_color_gradient=&#8221;on&#8221; background_color_gradient_start=&#8221;#000b77&#8243; background_color_gradient_end=&#8221;#4ff9e0&#8243; background_color_gradient_direction=&#8221;100deg&#8221; background_color_gradient_start_position=&#8221;45%&#8221; background_color_gradient_end_position=&#8221;45%&#8221; background_enable_video_mp4=&#8221;off&#8221; custom_margin=&#8221;||0px||false|false&#8221; custom_padding=&#8221;20vh||20vh||false|false&#8221; top_divider_color=&#8221;RGBA(0,0,0,0)&#8221; bottom_divider_style=&#8221;slant&#8221; bottom_divider_color=&#8221;#000B77&#8243; bottom_divider_height=&#8221;120px&#8221; hover_transition_delay=&#8221;250ms&#8221; hover_transition_speed_curve=&#8221;ease-in-out&#8221; scroll_vertical_motion=&#8221;0|73|73|100|4|0|-4&#8243; motion_trigger_start=&#8221;top&#8221; background_last_edited=&#8221;on|tablet&#8221; background_color_gradient_direction_tablet=&#8221;180deg&#8221; background_color_gradient_start_position_tablet=&#8221;30%&#8221; background_color_gradient_end_position_tablet=&#8221;30%&#8221; da_popup_slug=&#8221;dynamic&#8221; da_disable_devices=&#8221;off|off|off&#8221; collapsed=&#8221;off&#8221; da_is_popup=&#8221;off&#8221; da_exit_intent=&#8221;off&#8221; da_has_close=&#8221;on&#8221; da_alt_close=&#8221;off&#8221; da_dark_close=&#8221;off&#8221; da_not_modal=&#8221;on&#8221; da_is_singular=&#8221;off&#8221; da_with_loader=&#8221;off&#8221; da_has_shadow=&#8221;on&#8221;][et_pb_row column_structure=&#8221;1_2,1_2&#8243; use_custom_gutter=&#8221;on&#8221; gutter_width=&#8221;2&#8243; admin_label=&#8221;Headline&#8221; _builder_version=&#8221;4.9.4&#8243; _module_preset=&#8221;default&#8221; max_width=&#8221;1280px&#8221;][et_pb_column type=&#8221;1_2&#8243; _builder_version=&#8221;4.9.4&#8243; _module_preset=&#8221;default&#8221; background_video_mp4=&#8221;https:\/\/gardasurf.com\/wp-content\/uploads\/2021\/05\/gardasee_rubrik.mp4&#8243; custom_padding=&#8221;6vh|4vw|14vh|4vw|false|false&#8221;][et_pb_text _builder_version=&#8221;4.9.7&#8243; _module_preset=&#8221;default&#8221; text_text_color=&#8221;#EB4737&#8243; header_2_font=&#8221;|700||on|||||&#8221; header_2_text_align=&#8221;left&#8221; header_2_text_color=&#8221;#FFFFFF&#8221; header_2_font_size=&#8221;51px&#8221; header_2_letter_spacing=&#8221;10px&#8221; header_3_font=&#8221;|800||on|||||&#8221; header_3_text_align=&#8221;center&#8221; header_3_text_color=&#8221;#EB4737&#8243; header_3_letter_spacing=&#8221;13px&#8221; custom_padding=&#8221;3vh||||false|false&#8221; header_2_font_size_tablet=&#8221;54px&#8221; header_2_font_size_phone=&#8221;25px&#8221; header_2_font_size_last_edited=&#8221;on|phone&#8221; header_2_letter_spacing_tablet=&#8221;18px&#8221; header_2_letter_spacing_phone=&#8221;12px&#8221; header_2_letter_spacing_last_edited=&#8221;on|phone&#8221; header_3_font_size_tablet=&#8221;20px&#8221; header_3_font_size_phone=&#8221;18px&#8221; header_3_font_size_last_edited=&#8221;on|desktop&#8221; header_3_letter_spacing_tablet=&#8221;8px&#8221; header_3_letter_spacing_phone=&#8221;5px&#8221; header_3_letter_spacing_last_edited=&#8221;on|phone&#8221; header_2_text_shadow_style=&#8221;preset5&#8243;]<\/p>\n<h2>Il vento sul lago di Garda<\/h2>\n<p>[\/et_pb_text][et_pb_image src=&#8221;https:\/\/gardasurf.com\/wp-content\/uploads\/\/2021\/05\/divider_wt.svg&#8221; title_text=&#8221;divider_wt&#8221; _builder_version=&#8221;4.9.4&#8243; _module_preset=&#8221;default&#8221; width=&#8221;140px&#8221;][\/et_pb_image][\/et_pb_column][et_pb_column type=&#8221;1_2&#8243; _builder_version=&#8221;4.9.4&#8243; _module_preset=&#8221;default&#8221;][et_pb_text module_class=&#8221;block&#8221; _builder_version=&#8221;4.9.7&#8243; _module_preset=&#8221;default&#8221; text_text_color=&#8221;#000B77&#8243; text_font_size=&#8221;16px&#8221; text_letter_spacing=&#8221;2px&#8221; text_line_height=&#8221;2em&#8221; header_text_color=&#8221;#000B77&#8243;]<\/p>\n<div><span>Le previsioni del tempo di natura generale dovrebbero essere trattate con cautela. Il famoso microclima del Lago di Garda non \u00e8 previsto correttamente dalla maggior parte delle previsioni meteorologiche, poich\u00e9 le influenze regionali delle molte montagne e della Pianura Padana a sud non sono sufficientemente prese in considerazione. Le previsioni di Windfinder, Wind-Guru &#038; Co devono essere lette e interpretate, poich\u00e9 il vento termico non \u00e8 previsto con precisione. L&#8217;alternanza quotidiana di alta e bassa pressione ci d\u00e0 vento praticamente ogni giorno. I grafici corrispondenti possono dirci la probabilit\u00e0 delle correnti del nord e del sud. Ma come in tutti i posti il motto \u00e8: chiedete alla gente del posto!<\/span><\/div>\n<p>[\/et_pb_text][\/et_pb_column][\/et_pb_row][\/et_pb_section][et_pb_section fb_built=&#8221;1&#8243; admin_label=&#8221;Kiten Segeln Windsurf Foilen&#8221; _builder_version=&#8221;4.9.4&#8243; _module_preset=&#8221;default&#8221; use_background_color_gradient=&#8221;on&#8221; background_color_gradient_start=&#8221;#ef58d1&#8243; background_color_gradient_end=&#8221;#f4f4d0&#8243; background_color_gradient_direction=&#8221;80deg&#8221; background_color_gradient_start_position=&#8221;45%&#8221; background_color_gradient_end_position=&#8221;45%&#8221; background_enable_image=&#8221;off&#8221; background_size=&#8221;initial&#8221; background_position=&#8221;center_left&#8221; background_enable_video_mp4=&#8221;off&#8221; custom_margin=&#8221;||0px||false|false&#8221; custom_padding=&#8221;20vh||20vh||false|false&#8221; top_divider_style=&#8221;slant&#8221; top_divider_color=&#8221;#000B77&#8243; top_divider_flip=&#8221;horizontal&#8221; bottom_divider_style=&#8221;slant&#8221; bottom_divider_color=&#8221;#000B77&#8243; bottom_divider_height=&#8221;120px&#8221; hover_transition_delay=&#8221;250ms&#8221; hover_transition_speed_curve=&#8221;ease-in-out&#8221; scroll_vertical_motion=&#8221;0|73|73|100|4|0|-4&#8243; motion_trigger_start=&#8221;top&#8221; background_last_edited=&#8221;on|tablet&#8221; background_color_gradient_direction_tablet=&#8221;180deg&#8221; background_color_gradient_start_position_tablet=&#8221;30%&#8221; background_color_gradient_end_position_tablet=&#8221;30%&#8221; da_popup_slug=&#8221;dynamic&#8221; da_disable_devices=&#8221;off|off|off&#8221; collapsed=&#8221;off&#8221; da_is_popup=&#8221;off&#8221; da_exit_intent=&#8221;off&#8221; da_has_close=&#8221;on&#8221; da_alt_close=&#8221;off&#8221; da_dark_close=&#8221;off&#8221; da_not_modal=&#8221;on&#8221; da_is_singular=&#8221;off&#8221; da_with_loader=&#8221;off&#8221; da_has_shadow=&#8221;on&#8221;][et_pb_row column_structure=&#8221;1_2,1_2&#8243; use_custom_gutter=&#8221;on&#8221; gutter_width=&#8221;2&#8243; admin_label=&#8221;Headline&#8221; _builder_version=&#8221;4.9.4&#8243; _module_preset=&#8221;default&#8221; max_width=&#8221;1280px&#8221;][et_pb_column type=&#8221;1_2&#8243; _builder_version=&#8221;4.9.4&#8243; _module_preset=&#8221;default&#8221; background_video_mp4=&#8221;https:\/\/gardasurf.com\/wp-content\/uploads\/2021\/05\/kitesurf_rubrik.mp4&#8243; custom_padding=&#8221;6vh|4vw|12vh|4vw|false|true&#8221;][et_pb_text _builder_version=&#8221;4.9.7&#8243; _module_preset=&#8221;default&#8221; text_text_color=&#8221;#EB4737&#8243; header_2_font=&#8221;|700||on|||||&#8221; header_2_text_align=&#8221;left&#8221; header_2_text_color=&#8221;#FFFFFF&#8221; header_2_font_size=&#8221;51px&#8221; header_2_letter_spacing=&#8221;10px&#8221; header_3_font=&#8221;|800||on|||||&#8221; header_3_text_align=&#8221;center&#8221; header_3_text_color=&#8221;#EB4737&#8243; header_3_letter_spacing=&#8221;13px&#8221; custom_padding=&#8221;3vh||||false|false&#8221; header_2_font_size_tablet=&#8221;54px&#8221; header_2_font_size_phone=&#8221;25px&#8221; header_2_font_size_last_edited=&#8221;on|phone&#8221; header_2_letter_spacing_tablet=&#8221;18px&#8221; header_2_letter_spacing_phone=&#8221;12px&#8221; header_2_letter_spacing_last_edited=&#8221;on|phone&#8221; header_3_font_size_tablet=&#8221;20px&#8221; header_3_font_size_phone=&#8221;18px&#8221; header_3_font_size_last_edited=&#8221;on|desktop&#8221; header_3_letter_spacing_tablet=&#8221;8px&#8221; header_3_letter_spacing_phone=&#8221;5px&#8221; header_3_letter_spacing_last_edited=&#8221;on|phone&#8221; header_2_text_shadow_style=&#8221;preset5&#8243;]<\/p>\n<h2>\n<h2>Kiting Vela Windsurf Foiling<\/h2>\n<\/h2>\n<p>[\/et_pb_text][et_pb_image src=&#8221;https:\/\/gardasurf.com\/wp-content\/uploads\/\/2021\/05\/divider_wt.svg&#8221; title_text=&#8221;divider_wt&#8221; _builder_version=&#8221;4.9.4&#8243; _module_preset=&#8221;default&#8221; width=&#8221;140px&#8221;][\/et_pb_image][\/et_pb_column][et_pb_column type=&#8221;1_2&#8243; _builder_version=&#8221;4.9.4&#8243; _module_preset=&#8221;default&#8221;][et_pb_text module_class=&#8221;block&#8221; _builder_version=&#8221;4.9.7&#8243; _module_preset=&#8221;default&#8221; text_text_color=&#8221;#000B77&#8243; text_font_size=&#8221;16px&#8221; text_letter_spacing=&#8221;2px&#8221; text_line_height=&#8221;2em&#8221; header_text_color=&#8221;#000B77&#8243;]<\/p>\n<p>Kiting, vela, windsurf o foiling sul lago di Garda \u00e8 un&#8217;esperienza naturale indescrivibilmente bella. Chiunque non l&#8217;abbia sperimentato in prima persona dovrebbe vederlo con i propri occhi. Da mezzogiorno in poi soffia la famosa &#8220;Ora&#8221;, un vento termico molto costante da sud tra i 7 e i 15 nodi. Non potrebbe essere pi\u00f9 facile iniziare a praticare sport acquatici, e anche i velisti avanzati imparano rapidamente nuove manovre. Nella prima mattinata, i marinai avanzati si danno da fare. Il &#8220;Peler&#8221;, il forte vento del nord, soffia sul lago a 15-30 nodi dalla notte fino alla tarda mattinata. La cosa giusta per iniziare la giornata piena di adrenalina.<\/p>\n<p>Il vento sul lago di Garda varia in forza a seconda che soffi da est o da ovest. Cos\u00ec al mattino presto abbiamo ottime condizioni per intermedi, avanzati e professionisti di tutti gli sport. Dalle prime ore di mezzogiorno in poi, i principianti iniziano con acqua piatta e venti leggeri fino al momento di fare kite e foil con 3-4 Bft. nel primo pomeriggio. La calma tra il vento del nord e del sud e l&#8217;inizio della sera ci portano condizioni perfette per lo stand up paddling.[\/et_pb_text][\/et_pb_column][\/et_pb_row][\/et_pb_section][et_pb_section fb_built=&#8221;1&#8243; admin_label=&#8221;Vielfalt am Gardasee und Umgebung&#8221; _builder_version=&#8221;4.9.4&#8243; _module_preset=&#8221;default&#8221; use_background_color_gradient=&#8221;on&#8221; background_color_gradient_start=&#8221;#000b77&#8243; background_color_gradient_end=&#8221;#4ff9e0&#8243; background_color_gradient_direction=&#8221;100deg&#8221; background_color_gradient_start_position=&#8221;45%&#8221; background_color_gradient_end_position=&#8221;45%&#8221; background_enable_video_mp4=&#8221;off&#8221; custom_margin=&#8221;||0px||false|false&#8221; custom_padding=&#8221;20vh||20vh||false|false&#8221; top_divider_color=&#8221;RGBA(0,0,0,0)&#8221; bottom_divider_style=&#8221;slant&#8221; bottom_divider_color=&#8221;#000B77&#8243; bottom_divider_height=&#8221;120px&#8221; hover_transition_delay=&#8221;250ms&#8221; hover_transition_speed_curve=&#8221;ease-in-out&#8221; scroll_vertical_motion=&#8221;0|73|73|100|4|0|-4&#8243; motion_trigger_start=&#8221;top&#8221; background_last_edited=&#8221;on|tablet&#8221; background_color_gradient_direction_tablet=&#8221;180deg&#8221; background_color_gradient_start_position_tablet=&#8221;20%&#8221; background_color_gradient_end_position_tablet=&#8221;20%&#8221; da_popup_slug=&#8221;dynamic&#8221; da_disable_devices=&#8221;off|off|off&#8221; collapsed=&#8221;off&#8221; da_is_popup=&#8221;off&#8221; da_exit_intent=&#8221;off&#8221; da_has_close=&#8221;on&#8221; da_alt_close=&#8221;off&#8221; da_dark_close=&#8221;off&#8221; da_not_modal=&#8221;on&#8221; da_is_singular=&#8221;off&#8221; da_with_loader=&#8221;off&#8221; da_has_shadow=&#8221;on&#8221;][et_pb_row column_structure=&#8221;1_2,1_2&#8243; use_custom_gutter=&#8221;on&#8221; gutter_width=&#8221;2&#8243; admin_label=&#8221;Headline&#8221; _builder_version=&#8221;4.9.4&#8243; _module_preset=&#8221;default&#8221; max_width=&#8221;1280px&#8221;][et_pb_column type=&#8221;1_2&#8243; _builder_version=&#8221;4.9.4&#8243; _module_preset=&#8221;default&#8221; background_image=&#8221;https:\/\/gardasurf.com\/wp-content\/uploads\/2022\/05\/gardasee_panorama.jpg&#8221; background_enable_video_mp4=&#8221;off&#8221; custom_padding=&#8221;6vh|2vw|12vh|4vw|false|false&#8221;][et_pb_text _builder_version=&#8221;4.9.7&#8243; _module_preset=&#8221;default&#8221; text_text_color=&#8221;#EB4737&#8243; header_2_font=&#8221;|700||on|||||&#8221; header_2_text_align=&#8221;left&#8221; header_2_text_color=&#8221;#FFFFFF&#8221; header_2_font_size=&#8221;51px&#8221; header_2_letter_spacing=&#8221;10px&#8221; header_3_font=&#8221;|800||on|||||&#8221; header_3_text_align=&#8221;center&#8221; header_3_text_color=&#8221;#EB4737&#8243; header_3_letter_spacing=&#8221;13px&#8221; custom_padding=&#8221;3vh||||false|false&#8221; header_2_font_size_tablet=&#8221;54px&#8221; header_2_font_size_phone=&#8221;25px&#8221; header_2_font_size_last_edited=&#8221;on|phone&#8221; header_2_letter_spacing_tablet=&#8221;18px&#8221; header_2_letter_spacing_phone=&#8221;12px&#8221; header_2_letter_spacing_last_edited=&#8221;on|phone&#8221; header_3_font_size_tablet=&#8221;20px&#8221; header_3_font_size_phone=&#8221;18px&#8221; header_3_font_size_last_edited=&#8221;on|desktop&#8221; header_3_letter_spacing_tablet=&#8221;8px&#8221; header_3_letter_spacing_phone=&#8221;5px&#8221; header_3_letter_spacing_last_edited=&#8221;on|phone&#8221; header_2_text_shadow_style=&#8221;preset5&#8243;]<\/p>\n<h2>Variet\u00e0 sul lago di Garda e dintorni<\/h2>\n<p>[\/et_pb_text][et_pb_image src=&#8221;https:\/\/gardasurf.com\/wp-content\/uploads\/\/2021\/05\/divider_wt.svg&#8221; title_text=&#8221;divider_wt&#8221; _builder_version=&#8221;4.9.4&#8243; _module_preset=&#8221;default&#8221; width=&#8221;140px&#8221;][\/et_pb_image][\/et_pb_column][et_pb_column type=&#8221;1_2&#8243; _builder_version=&#8221;4.9.4&#8243; _module_preset=&#8221;default&#8221;][et_pb_text module_class=&#8221;block&#8221; _builder_version=&#8221;4.9.7&#8243; _module_preset=&#8221;default&#8221; text_text_color=&#8221;#000B77&#8243; text_font_size=&#8221;16px&#8221; text_letter_spacing=&#8221;2px&#8221; text_line_height=&#8221;2em&#8221; header_text_color=&#8221;#000B77&#8243; hover_enabled=&#8221;0&#8243; sticky_enabled=&#8221;0&#8243;]<\/p>\n<p>Oltre agli sport acquatici, una grande variet\u00e0 di attivit\u00e0 sono disponibili a Brenzone e in tutta la regione Veneto, Lombardia e Alto Adige. Il godimento dell&#8217;arte, della cultura e del cibo sono speciali a loro modo in tutte le stagioni.<\/p>\n<p>Nelle serate calde, godetevi un aperitivo al bar della spiaggia dell&#8217;hotel o al Pina\u2019s Bar nel villaggio di Brenzone sul Garda al tramonto.<br \/>Per il palato ci sono prelibatezze come il pesce fresco, le pizze fatte in casa o la pasta.<br \/>Puoi ottenere i consigli segreti direttamente da noi.<\/p>\n<p>Immergiti nel mondo della musica classica all&#8217;Arena di Verona (opera all&#8217;aperto, a circa 50 km), la posizione attraente del lago rende possibili molte cose. Lo shopping \u00e8 consigliato a Malcesine, Riva del Garda, Bardolino, Affi e Verona.<br \/>Una gita di un giorno con il traghetto a Limone vale sempre la pena, fantastici ristoranti sull&#8217;acqua con vista sul lago e la dolce e verde costa orientale con il Monte Baldo ti incanta quando lo guardi.<\/p>\n<p>Il massiccio montuoso del Monte Baldo, alto fino a 2200 metri, offre numerosi sentieri escursionistici, per i quali si possono anche prenotare visite guidate. Nel pittoresco villaggio di Prada, ai piedi della montagna, si pu\u00f2 sperimentare un viaggio in funivia molto vicino a prati fioriti con baite alpine e una vista sul Lago di Garda. Per gli amanti della mountain bike, ci sono numerosi percorsi e biciclette da noleggiare (ad esempio a Malcesine).<br \/>Per maggiori informazioni su escursioni, ristoranti e cultura, visitate: <a href=\"https:\/\/www.gardasee.de\/kunst-und-kultur\" rel=\"nofollow noopener\" target=\"_blank\">https:\/\/www.gardasee.de\/kunst-und-kultur<\/a><\/p>\n<p>[\/et_pb_text][\/et_pb_column][\/et_pb_row][\/et_pb_section][et_pb_section fb_built=&#8221;1&#8243; admin_label=&#8221;Fussleisten Animation&#8221; _builder_version=&#8221;4.9.4&#8243; _module_preset=&#8221;default&#8221; background_color=&#8221;#000B77&#8243; background_color_gradient_direction=&#8221;80deg&#8221; custom_margin=&#8221;0px||0px||false|false&#8221; custom_padding=&#8221;0px||0px||false|false&#8221; da_disable_devices=&#8221;off|off|off&#8221; locked=&#8221;off&#8221; collapsed=&#8221;off&#8221; da_is_popup=&#8221;off&#8221; da_exit_intent=&#8221;off&#8221; da_has_close=&#8221;on&#8221; da_alt_close=&#8221;off&#8221; da_dark_close=&#8221;off&#8221; da_not_modal=&#8221;on&#8221; da_is_singular=&#8221;off&#8221; da_with_loader=&#8221;off&#8221; da_has_shadow=&#8221;on&#8221;][et_pb_row use_custom_gutter=&#8221;on&#8221; gutter_width=&#8221;1&#8243; _builder_version=&#8221;4.9.4&#8243; _module_preset=&#8221;default&#8221; width=&#8221;100%&#8221; max_width=&#8221;100%&#8221; custom_padding=&#8221;0px||0px||false|false&#8221;][et_pb_column type=&#8221;4_4&#8243; _builder_version=&#8221;4.9.4&#8243; _module_preset=&#8221;default&#8221;][et_pb_code _builder_version=&#8221;4.9.4&#8243; _module_preset=&#8221;default&#8221;]<svg class=\"editorial\"<!-- [et_pb_line_break_holder] -->     xmlns=&#8221;http:\/\/www.w3.org\/2000\/svg&#8221;<!-- [et_pb_line_break_holder] -->     xmlns:xlink=&#8221;http:\/\/www.w3.org\/1999\/xlink&#8221;<!-- [et_pb_line_break_holder] -->     viewBox=&#8221;0 24 150 28 &#8220;<!-- [et_pb_line_break_holder] -->     preserveAspectRatio=&#8221;none&#8221;><!-- [et_pb_line_break_holder] --> <defs><!-- [et_pb_line_break_holder] --> <path id=\"gentle-wave\"<!-- [et_pb_line_break_holder] --> d=&#8221;M-160 44c30 0 <!-- [et_pb_line_break_holder] -->    58-18 88-18s<!-- [et_pb_line_break_holder] -->    58 18 88 18 <!-- [et_pb_line_break_holder] -->    58-18 88-18 <!-- [et_pb_line_break_holder] -->    58 18 88 18<!-- [et_pb_line_break_holder] -->    v44h-352z&#8221; \/><!-- [et_pb_line_break_holder] -->  <\/defs><!-- [et_pb_line_break_holder] -->  <g class=\"parallax1\"><!-- [et_pb_line_break_holder] -->   <use xlink:href=\"#gentle-wave\" x=\"50\" y=\"3\" fill=\"#344ca1\"\/><!-- [et_pb_line_break_holder] -->  <\/g><!-- [et_pb_line_break_holder] -->    <g class=\"parallax2\"><!-- [et_pb_line_break_holder] -->   <use xlink:href=\"#gentle-wave\" x=\"50\" y=\"0\" fill=\"#30a2b3\"\/><!-- [et_pb_line_break_holder] -->    <\/g><!-- [et_pb_line_break_holder] -->      <g class=\"parallax3\"><!-- [et_pb_line_break_holder] -->   <use xlink:href=\"#gentle-wave\" x=\"50\" y=\"9\" fill=\"#184ec5\"\/><!-- [et_pb_line_break_holder] -->   <\/g><!-- [et_pb_line_break_holder] -->    <g class=\"parallax4\"><!-- [et_pb_line_break_holder] -->   <use xlink:href=\"#gentle-wave\" x=\"50\" y=\"6\" fill=\"#000b77\"\/>  <!-- [et_pb_line_break_holder] -->  <\/g><!-- [et_pb_line_break_holder] --><\/svg><!-- [et_pb_line_break_holder] --><!-- [et_pb_line_break_holder] -->[\/et_pb_code][\/et_pb_column][\/et_pb_row][\/et_pb_section]<\/p>\n","protected":false},"excerpt":{"rendered":"<p>Il godimento dell&#8217;arte, della cultura e del cibo sono speciali a loro modo in tutte le stagioni. Il vento sul lago di GardaLe previsioni del tempo di natura generale dovrebbero essere trattate con cautela. Il famoso microclima del Lago di Garda non \u00e8 previsto correttamente dalla maggior parte delle previsioni meteorologiche, poich\u00e9 le influenze regionali [&hellip;]<\/p>\n","protected":false},"author":3,"featured_media":0,"parent":0,"menu_order":0,"comment_status":"closed","ping_status":"closed","template":"","meta":{"_et_pb_use_builder":"on","_et_pb_old_content":"","_et_gb_content_width":"","footnotes":""},"dipi_cpt_category":[],"class_list":["post-6875","page","type-page","status-publish","hentry"],"_links":{"self":[{"href":"https:\/\/gardasurf.com\/it\/wp-json\/wp\/v2\/pages\/6875","targetHints":{"allow":["GET"]}}],"collection":[{"href":"https:\/\/gardasurf.com\/it\/wp-json\/wp\/v2\/pages"}],"about":[{"href":"https:\/\/gardasurf.com\/it\/wp-json\/wp\/v2\/types\/page"}],"author":[{"embeddable":true,"href":"https:\/\/gardasurf.com\/it\/wp-json\/wp\/v2\/users\/3"}],"replies":[{"embeddable":true,"href":"https:\/\/gardasurf.com\/it\/wp-json\/wp\/v2\/comments?post=6875"}],"version-history":[{"count":1,"href":"https:\/\/gardasurf.com\/it\/wp-json\/wp\/v2\/pages\/6875\/revisions"}],"predecessor-version":[{"id":7283,"href":"https:\/\/gardasurf.com\/it\/wp-json\/wp\/v2\/pages\/6875\/revisions\/7283"}],"wp:attachment":[{"href":"https:\/\/gardasurf.com\/it\/wp-json\/wp\/v2\/media?parent=6875"}],"wp:term":[{"taxonomy":"dipi_cpt_category","embeddable":true,"href":"https:\/\/gardasurf.com\/it\/wp-json\/wp\/v2\/dipi_cpt_category?post=6875"}],"curies":[{"name":"wp","href":"https:\/\/api.w.org\/{rel}","templated":true}]}}